{"id":1344,"date":"2022-01-19T21:44:40","date_gmt":"2022-01-19T21:44:40","guid":{"rendered":"https:\/\/namastedreams.com\/?page_id=1344"},"modified":"2023-01-25T16:30:24","modified_gmt":"2023-01-25T16:30:24","slug":"palautus_takaisinmaksu","status":"publish","type":"page","link":"https:\/\/namastedreams.com\/en\/palautus_takaisinmaksu\/","title":{"rendered":"Palautus ja takaisinmaksu"},"content":{"rendered":"\t\t<div data-elementor-type=\"wp-page\" data-elementor-id=\"1344\" class=\"elementor elementor-1344\" data-elementor-post-type=\"page\">\n\t\t\t\t\t\t<nav class=\"elementor-section elementor-top-section elementor-element elementor-element-54127399 elementor-section-content-middle elementor-section-stretched elementor-section-boxed elementor-section-height-default elementor-section-height-default\" data-id=\"54127399\" data-element_type=\"section\" data-e-type=\"section\" data-settings=\"{&quot;background_background&quot;:&quot;classic&quot;,&quot;sticky&quot;:&quot;top&quot;,&quot;stretch_section&quot;:&quot;section-stretched&quot;,&quot;sticky_on&quot;:[&quot;desktop&quot;,&quot;tablet&quot;,&quot;mobile&quot;],&quot;sticky_offset&quot;:0,&quot;sticky_effects_offset&quot;:0,&quot;sticky_anchor_link_offset&quot;:0}\">\n\t\t\t\t\t\t<div class=\"elementor-container elementor-column-gap-no\">\n\t\t\t\t\t<div class=\"elementor-column elementor-col-50 elementor-top-column elementor-element elementor-element-437fcee5\" data-id=\"437fcee5\" data-element_type=\"column\" data-e-type=\"column\" data-settings=\"{&quot;background_background&quot;:&quot;classic&quot;}\">\n\t\t\t<div class=\"elementor-widget-wrap elementor-element-populated\">\n\t\t\t\t\t\t<div class=\"elementor-element elementor-element-27078a61 elementor-nav-menu--stretch elementor-nav-menu__align-center elementor-nav-menu--dropdown-mobile elementor-nav-menu__text-align-aside elementor-nav-menu--toggle elementor-nav-menu--burger elementor-widget elementor-widget-nav-menu\" data-id=\"27078a61\" data-element_type=\"widget\" data-e-type=\"widget\" data-settings=\"{&quot;full_width&quot;:&quot;stretch&quot;,&quot;submenu_icon&quot;:{&quot;value&quot;:&quot;&lt;i class=\\&quot;fas fa-chevron-down\\&quot;&gt;&lt;\\\/i&gt;&quot;,&quot;library&quot;:&quot;fa-solid&quot;},&quot;layout&quot;:&quot;horizontal&quot;,&quot;toggle&quot;:&quot;burger&quot;}\" data-widget_type=\"nav-menu.default\">\n\t\t\t\t<div class=\"elementor-widget-container\">\n\t\t\t\t\t\t\t\t<nav aria-label=\"Menu\" class=\"elementor-nav-menu--main elementor-nav-menu__container elementor-nav-menu--layout-horizontal e--pointer-underline e--animation-drop-out\">\n\t\t\t\t<ul id=\"menu-1-27078a61\" class=\"elementor-nav-menu\"><li class=\"menu-item menu-item-type-post_type menu-item-object-page menu-item-home menu-item-1811\"><a href=\"https:\/\/namastedreams.com\/en\/\" class=\"elementor-item menu-link\">Etusivu<\/a><\/li>\n<li class=\"menu-item menu-item-type-post_type menu-item-object-page menu-item-789\"><a href=\"https:\/\/namastedreams.com\/en\/tietoa-meista\/\" class=\"elementor-item menu-link\">Tietoa meist\u00e4<\/a><\/li>\n<li class=\"menu-item menu-item-type-post_type menu-item-object-page menu-item-has-children menu-item-2002\"><a aria-expanded=\"false\" href=\"https:\/\/namastedreams.com\/en\/kuinka-voit-auttaa\/\" class=\"elementor-item menu-link\">Kuinka voit auttaa<\/a>\n<ul class=\"sub-menu elementor-nav-menu--dropdown\">\n\t<li class=\"menu-item menu-item-type-post_type menu-item-object-page menu-item-2004\"><a href=\"https:\/\/namastedreams.com\/en\/kuinka-voit-auttaa\/lahjoita\/\" class=\"elementor-sub-item menu-link\">Lahjoita<\/a><\/li>\n\t<li class=\"menu-item menu-item-type-post_type menu-item-object-page menu-item-2003\"><a href=\"https:\/\/namastedreams.com\/en\/kuinka-voit-auttaa\/liity-jaseneksi\/\" class=\"elementor-sub-item menu-link\">Liity j\u00e4seneksi<\/a><\/li>\n\t<li class=\"menu-item menu-item-type-post_type menu-item-object-page menu-item-2005\"><a href=\"https:\/\/namastedreams.com\/en\/kuinka-voit-auttaa\/lahde-nepaliin\/\" class=\"elementor-sub-item menu-link\">L\u00e4hde Nepaliin<\/a><\/li>\n<\/ul>\n<\/li>\n<li class=\"menu-item menu-item-type-post_type menu-item-object-page menu-item-788\"><a href=\"https:\/\/namastedreams.com\/en\/yhteystiedot\/\" class=\"elementor-item menu-link\">Yhteystiedot<\/a><\/li>\n<li class=\"trp-language-switcher-container menu-item menu-item-type-post_type menu-item-object-language_switcher menu-item-has-children current-language-menu-item menu-item-1179\"><a aria-expanded=\"false\" href=\"https:\/\/namastedreams.com\/en\/wp-json\/wp\/v2\/pages\/1344#TRPLINKPROCESSED\" class=\"elementor-item elementor-item-anchor menu-link\"><span data-no-translation><img decoding=\"async\" class=\"trp-flag-image\" src=\"https:\/\/namastedreams.com\/wp-content\/plugins\/translatepress-multilingual\/assets\/images\/flags\/en_GB.png\" width=\"18\" height=\"12\" alt=\"en_GB\" title=\"English\"><span class=\"trp-ls-language-name\">EN<\/span><\/span><\/a>\n<ul class=\"sub-menu elementor-nav-menu--dropdown\">\n\t<li class=\"trp-language-switcher-container menu-item menu-item-type-post_type menu-item-object-language_switcher current-language-menu-item menu-item-1178\"><a href=\"https:\/\/namastedreams.com\/en\/wp-json\/wp\/v2\/pages\/1344#TRPLINKPROCESSED\" class=\"elementor-sub-item elementor-item-anchor menu-link\"><span data-no-translation><img decoding=\"async\" class=\"trp-flag-image\" src=\"https:\/\/namastedreams.com\/wp-content\/plugins\/translatepress-multilingual\/assets\/images\/flags\/fi.png\" width=\"18\" height=\"12\" alt=\"fi\" title=\"Finnish\"><span class=\"trp-ls-language-name\">FI<\/span><\/span><\/a><\/li>\n<\/ul>\n<\/li>\n<\/ul>\t\t\t<\/nav>\n\t\t\t\t\t<div class=\"elementor-menu-toggle\" role=\"button\" tabindex=\"0\" aria-label=\"Menu Toggle\" aria-expanded=\"false\">\n\t\t\t<i aria-hidden=\"true\" role=\"presentation\" class=\"elementor-menu-toggle__icon--open eicon-menu-bar\"><\/i><i aria-hidden=\"true\" role=\"presentation\" class=\"elementor-menu-toggle__icon--close eicon-close\"><\/i>\t\t\t<span class=\"elementor-screen-only\">Menu<\/span>\n\t\t<\/div>\n\t\t\t\t\t<nav class=\"elementor-nav-menu--dropdown elementor-nav-menu__container\" aria-hidden=\"true\">\n\t\t\t\t<ul id=\"menu-2-27078a61\" class=\"elementor-nav-menu\"><li class=\"menu-item menu-item-type-post_type menu-item-object-page menu-item-home menu-item-1811\"><a href=\"https:\/\/namastedreams.com\/en\/\" class=\"elementor-item menu-link\" tabindex=\"-1\">Etusivu<\/a><\/li>\n<li class=\"menu-item menu-item-type-post_type menu-item-object-page menu-item-789\"><a href=\"https:\/\/namastedreams.com\/en\/tietoa-meista\/\" class=\"elementor-item menu-link\" tabindex=\"-1\">Tietoa meist\u00e4<\/a><\/li>\n<li class=\"menu-item menu-item-type-post_type menu-item-object-page menu-item-has-children menu-item-2002\"><a aria-expanded=\"false\" href=\"https:\/\/namastedreams.com\/en\/kuinka-voit-auttaa\/\" class=\"elementor-item menu-link\" tabindex=\"-1\">Kuinka voit auttaa<\/a>\n<ul class=\"sub-menu elementor-nav-menu--dropdown\">\n\t<li class=\"menu-item menu-item-type-post_type menu-item-object-page menu-item-2004\"><a href=\"https:\/\/namastedreams.com\/en\/kuinka-voit-auttaa\/lahjoita\/\" class=\"elementor-sub-item menu-link\" tabindex=\"-1\">Lahjoita<\/a><\/li>\n\t<li class=\"menu-item menu-item-type-post_type menu-item-object-page menu-item-2003\"><a href=\"https:\/\/namastedreams.com\/en\/kuinka-voit-auttaa\/liity-jaseneksi\/\" class=\"elementor-sub-item menu-link\" tabindex=\"-1\">Liity j\u00e4seneksi<\/a><\/li>\n\t<li class=\"menu-item menu-item-type-post_type menu-item-object-page menu-item-2005\"><a href=\"https:\/\/namastedreams.com\/en\/kuinka-voit-auttaa\/lahde-nepaliin\/\" class=\"elementor-sub-item menu-link\" tabindex=\"-1\">L\u00e4hde Nepaliin<\/a><\/li>\n<\/ul>\n<\/li>\n<li class=\"menu-item menu-item-type-post_type menu-item-object-page menu-item-788\"><a href=\"https:\/\/namastedreams.com\/en\/yhteystiedot\/\" class=\"elementor-item menu-link\" tabindex=\"-1\">Yhteystiedot<\/a><\/li>\n<li class=\"trp-language-switcher-container menu-item menu-item-type-post_type menu-item-object-language_switcher menu-item-has-children current-language-menu-item menu-item-1179\"><a aria-expanded=\"false\" href=\"https:\/\/namastedreams.com\/en\/wp-json\/wp\/v2\/pages\/1344#TRPLINKPROCESSED\" class=\"elementor-item elementor-item-anchor menu-link\" tabindex=\"-1\"><span data-no-translation><img decoding=\"async\" class=\"trp-flag-image\" src=\"https:\/\/namastedreams.com\/wp-content\/plugins\/translatepress-multilingual\/assets\/images\/flags\/en_GB.png\" width=\"18\" height=\"12\" alt=\"en_GB\" title=\"English\"><span class=\"trp-ls-language-name\">EN<\/span><\/span><\/a>\n<ul class=\"sub-menu elementor-nav-menu--dropdown\">\n\t<li class=\"trp-language-switcher-container menu-item menu-item-type-post_type menu-item-object-language_switcher current-language-menu-item menu-item-1178\"><a href=\"https:\/\/namastedreams.com\/en\/wp-json\/wp\/v2\/pages\/1344#TRPLINKPROCESSED\" class=\"elementor-sub-item elementor-item-anchor menu-link\" tabindex=\"-1\"><span data-no-translation><img decoding=\"async\" class=\"trp-flag-image\" src=\"https:\/\/namastedreams.com\/wp-content\/plugins\/translatepress-multilingual\/assets\/images\/flags\/fi.png\" width=\"18\" height=\"12\" alt=\"fi\" title=\"Finnish\"><span class=\"trp-ls-language-name\">FI<\/span><\/span><\/a><\/li>\n<\/ul>\n<\/li>\n<\/ul>\t\t\t<\/nav>\n\t\t\t\t\t\t<\/div>\n\t\t\t\t<\/div>\n\t\t\t\t\t<\/div>\n\t\t<\/div>\n\t\t\t\t<div class=\"elementor-column elementor-col-50 elementor-top-column elementor-element elementor-element-4e19a6c4\" data-id=\"4e19a6c4\" data-element_type=\"column\" data-e-type=\"column\">\n\t\t\t<div class=\"elementor-widget-wrap elementor-element-populated\">\n\t\t\t\t\t\t<div class=\"elementor-element elementor-element-7feda333 e-grid-align-right e-grid-align-tablet-center elementor-shape-rounded elementor-grid-0 elementor-widget elementor-widget-social-icons\" data-id=\"7feda333\" data-element_type=\"widget\" data-e-type=\"widget\" data-widget_type=\"social-icons.default\">\n\t\t\t\t<div class=\"elementor-widget-container\">\n\t\t\t\t\t\t\t<div class=\"elementor-social-icons-wrapper elementor-grid\" role=\"list\">\n\t\t\t\t\t\t\t<span class=\"elementor-grid-item\" role=\"listitem\">\n\t\t\t\t\t<a class=\"elementor-icon elementor-social-icon elementor-social-icon-facebook-f elementor-repeater-item-320e991\" href=\"https:\/\/www.facebook.com\/nepalnamastedreams\/\" target=\"_blank\">\n\t\t\t\t\t\t<span class=\"elementor-screen-only\">Facebook-f<\/span>\n\t\t\t\t\t\t<i aria-hidden=\"true\" class=\"fab fa-facebook-f\"><\/i>\t\t\t\t\t<\/a>\n\t\t\t\t<\/span>\n\t\t\t\t\t\t\t<span class=\"elementor-grid-item\" role=\"listitem\">\n\t\t\t\t\t<a class=\"elementor-icon elementor-social-icon elementor-social-icon-instagram elementor-repeater-item-f055a31\" href=\"https:\/\/www.instagram.com\/namaste_dreams\/\" target=\"_blank\">\n\t\t\t\t\t\t<span class=\"elementor-screen-only\">Instagram<\/span>\n\t\t\t\t\t\t<i aria-hidden=\"true\" class=\"fab fa-instagram\"><\/i>\t\t\t\t\t<\/a>\n\t\t\t\t<\/span>\n\t\t\t\t\t\t\t<span class=\"elementor-grid-item\" role=\"listitem\">\n\t\t\t\t\t<a class=\"elementor-icon elementor-social-icon elementor-social-icon-linkedin elementor-repeater-item-051abbd\" href=\"https:\/\/www.linkedin.com\/company\/namaste-dreams-ry\" target=\"_blank\">\n\t\t\t\t\t\t<span class=\"elementor-screen-only\">Linkedin<\/span>\n\t\t\t\t\t\t<i aria-hidden=\"true\" class=\"fab fa-linkedin\"><\/i>\t\t\t\t\t<\/a>\n\t\t\t\t<\/span>\n\t\t\t\t\t<\/div>\n\t\t\t\t\t\t<\/div>\n\t\t\t\t<\/div>\n\t\t\t\t\t<\/div>\n\t\t<\/div>\n\t\t\t\t\t<\/div>\n\t\t<\/nav>\n\t\t\t\t<section class=\"elementor-section elementor-top-section elementor-element elementor-element-74cacb7 elementor-section-boxed elementor-section-height-default elementor-section-height-default\" data-id=\"74cacb7\" data-element_type=\"section\" data-e-type=\"section\">\n\t\t\t\t\t\t<div class=\"elementor-container elementor-column-gap-wider\">\n\t\t\t\t\t<div class=\"elementor-column elementor-col-50 elementor-top-column elementor-element elementor-element-72348fc\" data-id=\"72348fc\" data-element_type=\"column\" data-e-type=\"column\">\n\t\t\t<div class=\"elementor-widget-wrap elementor-element-populated\">\n\t\t\t\t\t\t<div class=\"elementor-element elementor-element-f7e0297 elementor-widget elementor-widget-heading\" data-id=\"f7e0297\" data-element_type=\"widget\" data-e-type=\"widget\" data-widget_type=\"heading.default\">\n\t\t\t\t<div class=\"elementor-widget-container\">\n\t\t\t\t\t<h2 class=\"elementor-heading-title elementor-size-default\">Palautus<\/h2>\t\t\t\t<\/div>\n\t\t\t\t<\/div>\n\t\t\t\t<div class=\"elementor-element elementor-element-d07c7fb elementor-widget elementor-widget-text-editor\" data-id=\"d07c7fb\" data-element_type=\"widget\" data-e-type=\"widget\" data-widget_type=\"text-editor.default\">\n\t\t\t\t<div class=\"elementor-widget-container\">\n\t\t\t\t\t\t\t\t\t<p>Toivomme sinun pit\u00e4v\u00e4n tuotteistamme, mutta mik\u00e4li p\u00e4\u00e4t\u00e4t palauttaa tuotteen, voit l\u00e4hett\u00e4\u00e4 tuotteen takaisin meille. Voit my\u00f6s palauttaa tuotteen tuomalla sen varastollemme. Otathan huomioon, ett\u00e4 palautettavat tuotteet tulee l\u00e4hett\u00e4\u00e4 meille 14 p\u00e4iv\u00e4ss\u00e4 paketin vastaanottamisesta.<\/p>\n<p>Huomaa, ett\u00e4 palautettavat tuotteet tulee l\u00e4hett\u00e4\u00e4 meille 30 p\u00e4iv\u00e4ss\u00e4 paketin vastaanottamisesta. Luethan alta palautusehdot ennen kuin teet palautuksen.<\/p>\n<p>Voit kirjoittaa oheisen osoitteen pakettiin:\u00a0<\/p>\n<p><em>Nepal Namaste Dreams ry <\/em><br \/><br \/><em>H\u00e4rm\u00e4l\u00e4nsaarenkatu 1 A 1<\/em><br \/><br \/><em>33900 Tampere<\/em><\/p>\t\t\t\t\t\t\t\t<\/div>\n\t\t\t\t<\/div>\n\t\t\t\t\t<\/div>\n\t\t<\/div>\n\t\t\t\t<div class=\"elementor-column elementor-col-50 elementor-top-column elementor-element elementor-element-2c8d105\" data-id=\"2c8d105\" data-element_type=\"column\" data-e-type=\"column\">\n\t\t\t<div class=\"elementor-widget-wrap elementor-element-populated\">\n\t\t\t\t\t\t<div class=\"elementor-element elementor-element-97f20c6 elementor-widget elementor-widget-heading\" data-id=\"97f20c6\" data-element_type=\"widget\" data-e-type=\"widget\" data-widget_type=\"heading.default\">\n\t\t\t\t<div class=\"elementor-widget-container\">\n\t\t\t\t\t<h2 class=\"elementor-heading-title elementor-size-default\">Yleiset ehdot<\/h2>\t\t\t\t<\/div>\n\t\t\t\t<\/div>\n\t\t\t\t<div class=\"elementor-element elementor-element-1f0e780 elementor-widget elementor-widget-text-editor\" data-id=\"1f0e780\" data-element_type=\"widget\" data-e-type=\"widget\" data-widget_type=\"text-editor.default\">\n\t\t\t\t<div class=\"elementor-widget-container\">\n\t\t\t\t\t\t\t\t\t<p><strong>Yleist\u00e4<\/strong><\/p>\n<p>N\u00e4it\u00e4 ehtoja sovelletaan kaikkiin tilauksiin, jotka asiakas (j\u00e4ljemp\u00e4n\u00e4 \u201dsin\u00e4\u201d) tekee Nepal Namaste Dreams ry:lt\u00e4, (y-tunnus 2928628-4),&nbsp; yhdistyksen verkkosivuilla, sosiaalisessa mediassa tai yhteydenotolla.<\/p>\n<p>K\u00e4ytt\u00e4m\u00e4ll\u00e4 palvelua namastedreams.com ja\/tai tekem\u00e4ll\u00e4 tilauksen hyv\u00e4ksyt t\u00e4ss\u00e4 esitetyt ehdot. Varmista ennen tilauksen tekemist\u00e4, ett\u00e4 olet lukenut ja ymm\u00e4rt\u00e4nyt ehdot.<\/p>\n<p>Tuotteiden tai palveluiden esiintyminen sivustolla tiettyn\u00e4 aikana ei tarkoita tai takaa, ett\u00e4 kyseisi\u00e4 tuotteita tai palveluita olisi aina saatavilla. Pid\u00e4t\u00e4mme oikeuden tuotteen lakkauttamiseen milloin tahansa.<\/p>\n<p>Pid\u00e4t\u00e4mme oikeuden n\u00e4iden ehtojen muuttamiseen ilman ennakkoilmoitusta. Tilaukseen sovelletaan ehtoja, jotka n\u00e4kyv\u00e4t sivustolla tilauksen tekemisen hetkell\u00e4.<\/p>\n<p><strong>V\u00e4rit ja mitat<\/strong><\/p>\n<p>Pyrimme kaikin kohtuullisin keinoin esitt\u00e4m\u00e4\u00e4n tuotteidemme ominaisuudet tarkasti.&nbsp; V\u00e4rien ominaisuudet ovat riippuvaisia laitteesi n\u00e4ytt\u00f6ominaisuuksista emmek\u00e4 n\u00e4in voi taata, ett\u00e4 todellisuus vastaa t\u00e4ysin n\u00e4kem\u00e4\u00e4si kuvaa.<\/p>\n<p>Kaupassa ilmoitetut mitat ovat likim\u00e4\u00e4r\u00e4isi\u00e4 arvoja eiv\u00e4tk\u00e4 ole ehdoton tae vastaanottamasi tuotteen todellisista mitoista. Tuotteen lopulliset mitat voivat vaihdella, koska kyseess\u00e4 on k\u00e4sity\u00f6n\u00e4 valmistetut tuotteet, joiden tekemiseen k\u00e4ytet\u00e4\u00e4n luonnonmateriaaleja.<\/p>\n<p><strong>Tilauksen peruuttaminen<\/strong><\/p>\n<p>Voit peruuttaa tai palauttaa tilauksen tilausp\u00e4iv\u00e4st\u00e4 l\u00e4htien ja viimeist\u00e4\u00e4n 14 p\u00e4iv\u00e4\u00e4 tilattujen tuotteiden vastaanottamisen j\u00e4lkeen. Jos sinua on veloitettu tuotteista, saat hyvityksen, joka sis\u00e4lt\u00e4\u00e4 perustoimituskulut. Jos pid\u00e4t tietyt tuotteet ja peruutat tilauksen vain osittain, toimituskuluja ei hyvitet\u00e4.<\/p>\n<p>Jos haluat peruuttaa tai palauttaa tilauksesi, ilmoita siit\u00e4 meille kirjallisesti, ottamalla yhteytt\u00e4 s\u00e4hk\u00f6postitse tai tekstiviestill\u00e4. Palautamme rahat pyrkien k\u00e4ytt\u00e4m\u00e4\u00e4n samaa menetelm\u00e4\u00e4, jota k\u00e4ytettiin maksamiseen. Palautamme rahat mahdollisimman pian ja viimeist\u00e4\u00e4n 14 p\u00e4iv\u00e4n kuluessa peruutusilmoituksesi vastaanottamisesta, jos olemme vastaanottaneet tuotteet tai todisteen niiden palauttamisesta. Suostumuksellasi voimme k\u00e4ytt\u00e4\u00e4 rahojen palauttamiseen muuta maksutapaa. Se ei kuitenkaan aiheuta lis\u00e4kuluja. Jos vastaanottamasi tuote on viallinen, ilmoita asiasta viipym\u00e4tt\u00e4 meille ja palauta tuote. Namaste Dreams ry palauttaa rahat kokonaisuudessaan viallisiksi katsotuista tuotteista.<\/p>\n<p><strong>Palautukset<\/strong><\/p>\n<p>Namaste Dreams ry hyvitt\u00e4\u00e4 palautetut tuotteet, jos kaikki palautettavat tuotteet palautetaan samassa kunnossa, jossa ne olivat vastaanotettaessa. T\u00e4m\u00e4 tarkoittaa, ett\u00e4 tuotteet eiv\u00e4t saa olla vahingoittuneita, likaantuneita, pestyj\u00e4, muutettuja tai kuluneita ja kaikkien pesulappujen ja etikettien pit\u00e4\u00e4 olla koskemattomia.<\/p>\n<p>Hyvitys maksetaan takaisin samalla maksutavalla, jota k\u00e4ytit tuotteen ostaessasi.&nbsp;<\/p>\n<p>Palauta tuotteet postitse tai toimittamalla toimistollemme sopimuksen mukaan.<\/p><p style=\"font-size: 15px; font-style: normal; font-weight: 400;\"><span style=\"font-size: 15px; font-weight: 700;\">Mittatilausmattojen palauttaminen<\/span><\/p><p style=\"font-size: 15px; font-style: normal; font-weight: 400;\">Mittatilausmattojen ennakkomaksu on 30 % maton hinnasta, joka maksetaan ennen kun mattoa ryhdyt\u00e4\u00e4n valmistamaan. Mik\u00e4li tilaamasi matto ei kuitenkaan vastaa tilaustasi (esim. v\u00e4rit tai koko on v\u00e4\u00e4r\u00e4), saat rahasi mukaanlukien ennakkomaksun takaisin palauttaessasi maton. Maton t\u00e4ytyy olla samassa kunnossa, kun se oli vastaanottaessa. Mik\u00e4li matto vastaa tilaustasi, mutta siit\u00e4 huolimatta haluat palauttaa maton, 30 % ennakkomaksua ei hyvitet\u00e4. Jos haluat peruuttaa tilauksesi, se on teht\u00e4v\u00e4 ennen kun mattoa ryhdyt\u00e4\u00e4n valmistamaan.<\/p>\t\t\t\t\t\t\t\t<\/div>\n\t\t\t\t<\/div>\n\t\t\t\t\t<\/div>\n\t\t<\/div>\n\t\t\t\t\t<\/div>\n\t\t<\/section>\n\t\t\t\t<section class=\"elementor-section elementor-top-section elementor-element elementor-element-528714c9 elementor-section-height-min-height elementor-section-content-middle elementor-section-stretched elementor-section-boxed elementor-section-height-default elementor-section-items-middle\" data-id=\"528714c9\" data-element_type=\"section\" data-e-type=\"section\" data-settings=\"{&quot;background_background&quot;:&quot;classic&quot;,&quot;stretch_section&quot;:&quot;section-stretched&quot;}\">\n\t\t\t\t\t\t<div class=\"elementor-container elementor-column-gap-default\">\n\t\t\t\t\t<div class=\"elementor-column elementor-col-100 elementor-top-column elementor-element elementor-element-6b028e9c\" data-id=\"6b028e9c\" data-element_type=\"column\" data-e-type=\"column\">\n\t\t\t<div class=\"elementor-widget-wrap elementor-element-populated\">\n\t\t\t\t\t\t<div class=\"elementor-element elementor-element-68d9fa1f elementor-widget elementor-widget-heading\" data-id=\"68d9fa1f\" data-element_type=\"widget\" data-e-type=\"widget\" data-widget_type=\"heading.default\">\n\t\t\t\t<div class=\"elementor-widget-container\">\n\t\t\t\t\t<p class=\"elementor-heading-title elementor-size-default\">Copyright \u00a92023 Nepal Namaste Dreams. All rights reserved.<\/p>\t\t\t\t<\/div>\n\t\t\t\t<\/div>\n\t\t\t\t\t<\/div>\n\t\t<\/div>\n\t\t\t\t\t<\/div>\n\t\t<\/section>\n\t\t\t\t<\/div>\n\t\t","protected":false},"excerpt":{"rendered":"<p>Facebook-f Instagram Linkedin Palautus Toivomme sinun pit\u00e4v\u00e4n tuotteistamme, mutta mik\u00e4li p\u00e4\u00e4t\u00e4t palauttaa tuotteen, voit l\u00e4hett\u00e4\u00e4 tuotteen takaisin meille. Voit my\u00f6s palauttaa tuotteen tuomalla sen varastollemme. Otathan huomioon, ett\u00e4 palautettavat tuotteet tulee l\u00e4hett\u00e4\u00e4 meille 14 p\u00e4iv\u00e4ss\u00e4 paketin vastaanottamisesta. Huomaa, ett\u00e4 palautettavat tuotteet tulee l\u00e4hett\u00e4\u00e4 meille 30 p\u00e4iv\u00e4ss\u00e4 paketin vastaanottamisesta. Luethan alta palautusehdot ennen kuin teet palautuksen. [&hellip;]<\/p>\n","protected":false},"author":1,"featured_media":0,"parent":0,"menu_order":0,"comment_status":"closed","ping_status":"closed","template":"elementor_header_footer","meta":{"site-sidebar-layout":"default","site-content-layout":"","ast-site-content-layout":"default","site-content-style":"default","site-sidebar-style":"default","ast-global-header-display":"","ast-banner-title-visibility":"","ast-main-header-display":"disabled","ast-hfb-above-header-display":"disabled","ast-hfb-below-header-display":"disabled","ast-hfb-mobile-header-display":"disabled","site-post-title":"disabled","ast-breadcrumbs-content":"","ast-featured-img":"disabled","footer-sml-layout":"disabled","ast-disable-related-posts":"","theme-transparent-header-meta":"enabled","adv-header-id-meta":"","stick-header-meta":"","header-above-stick-meta":"","header-main-stick-meta":"","header-below-stick-meta":"","astra-migrate-meta-layouts":"default","ast-page-background-enabled":"default","ast-page-background-meta":{"desktop":{"background-color":"","background-image":"","background-repeat":"repeat","background-position":"center center","background-size":"auto","background-attachment":"scroll","background-type":"","background-media":"","overlay-type":"","overlay-color":"","overlay-opacity":"","overlay-gradient":""},"tablet":{"background-color":"","background-image":"","background-repeat":"repeat","background-position":"center center","background-size":"auto","background-attachment":"scroll","background-type":"","background-media":"","overlay-type":"","overlay-color":"","overlay-opacity":"","overlay-gradient":""},"mobile":{"background-color":"","background-image":"","background-repeat":"repeat","background-position":"center center","background-size":"auto","background-attachment":"scroll","background-type":"","background-media":"","overlay-type":"","overlay-color":"","overlay-opacity":"","overlay-gradient":""}},"ast-content-background-meta":{"desktop":{"background-color":"var(--ast-global-color-5)","background-image":"","background-repeat":"repeat","background-position":"center center","background-size":"auto","background-attachment":"scroll","background-type":"","background-media":"","overlay-type":"","overlay-color":"","overlay-opacity":"","overlay-gradient":""},"tablet":{"background-color":"var(--ast-global-color-5)","background-image":"","background-repeat":"repeat","background-position":"center center","background-size":"auto","background-attachment":"scroll","background-type":"","background-media":"","overlay-type":"","overlay-color":"","overlay-opacity":"","overlay-gradient":""},"mobile":{"background-color":"var(--ast-global-color-5)","background-image":"","background-repeat":"repeat","background-position":"center center","background-size":"auto","background-attachment":"scroll","background-type":"","background-media":"","overlay-type":"","overlay-color":"","overlay-opacity":"","overlay-gradient":""}},"footnotes":""},"class_list":["post-1344","page","type-page","status-publish","hentry"],"_links":{"self":[{"href":"https:\/\/namastedreams.com\/en\/wp-json\/wp\/v2\/pages\/1344","targetHints":{"allow":["GET"]}}],"collection":[{"href":"https:\/\/namastedreams.com\/en\/wp-json\/wp\/v2\/pages"}],"about":[{"href":"https:\/\/namastedreams.com\/en\/wp-json\/wp\/v2\/types\/page"}],"author":[{"embeddable":true,"href":"https:\/\/namastedreams.com\/en\/wp-json\/wp\/v2\/users\/1"}],"replies":[{"embeddable":true,"href":"https:\/\/namastedreams.com\/en\/wp-json\/wp\/v2\/comments?post=1344"}],"version-history":[{"count":23,"href":"https:\/\/namastedreams.com\/en\/wp-json\/wp\/v2\/pages\/1344\/revisions"}],"predecessor-version":[{"id":2086,"href":"https:\/\/namastedreams.com\/en\/wp-json\/wp\/v2\/pages\/1344\/revisions\/2086"}],"wp:attachment":[{"href":"https:\/\/namastedreams.com\/en\/wp-json\/wp\/v2\/media?parent=1344"}],"curies":[{"name":"wp","href":"https:\/\/api.w.org\/{rel}","templated":true}]}}