{"id":2308,"date":"2023-05-25T13:55:05","date_gmt":"2023-05-25T13:55:05","guid":{"rendered":"https:\/\/namastedreams.com\/?post_type=product&#038;p=2308"},"modified":"2023-05-25T14:16:27","modified_gmt":"2023-05-25T14:16:27","slug":"okra-matto-o-120-cm","status":"publish","type":"product","link":"https:\/\/namastedreams.com\/en\/product\/okra-matto-o-120-cm\/","title":{"rendered":"OKRA-matto \u00f8 120 cm"},"content":{"rendered":"<p><span style=\"font-weight: 400;\">Huom.! 2-laatu. Lampaanvillasta k\u00e4sinhuovutettu matto kruunaa sisustuksen kuin sisustuksen.<\/span><br \/>\n<span style=\"font-weight: 400;\">Jokainen pallo v\u00e4rj\u00e4t\u00e4\u00e4n ja huovutetaan k\u00e4sity\u00f6n\u00e4, joten eri eriss\u00e4 saattaa olla pieni\u00e4 v\u00e4ri- ja kokoeroja.<\/span><\/p>\n<p><b>Materiaali<\/b><span style=\"font-weight: 400;\"> 100 % huovutettua lampaanvillaa.\u00a0<\/span><br \/>\n<b>Koko<\/b><span style=\"font-weight: 400;\"> \u00f8 120 cm<\/span><br \/>\n______________________________________________<\/p>\n<p><strong>Pesuohjeet<\/strong><\/p>\n<p><img decoding=\"async\" class=\"alignnone wp-image-1746 size-medium\" src=\"https:\/\/namastedreams.com\/wp-content\/uploads\/2022\/02\/pesuohje_villatuotteet-300x71.jpg\" alt=\"\" width=\"300\" height=\"71\" srcset=\"https:\/\/namastedreams.com\/wp-content\/uploads\/2022\/02\/pesuohje_villatuotteet-300x71.jpg 300w, https:\/\/namastedreams.com\/wp-content\/uploads\/2022\/02\/pesuohje_villatuotteet-18x4.jpg 18w, https:\/\/namastedreams.com\/wp-content\/uploads\/2022\/02\/pesuohje_villatuotteet.jpg 504w\" sizes=\"(max-width: 300px) 100vw, 300px\" \/><\/p>\n<p>Villa hylkii luonnollisesti likaa, vett\u00e4 ja hajuja, joten kevyt tamppaaminen ja tuuletus yleens\u00e4 riitt\u00e4\u00e4. Hankalampiin tahroihin suositellaan k\u00e4sinpesua esimerkiksi m\u00e4ntysuovalla tai sappisaippualla.<br \/>\nHuopa ei k\u00e4rsi kastumisesta, mutta se kannattaa kuivattaa hyvin huoneilmassa. Pesukonepesua tai koneellista kuivausta ei suositella. Tasokuivaa matto venymisen v\u00e4ltt\u00e4miseksi.<\/p>","protected":false},"excerpt":{"rendered":"<p>Lampaanvillasta huovutettu matto.<\/p>","protected":false},"featured_media":2309,"comment_status":"open","ping_status":"closed","template":"","meta":{"site-sidebar-layout":"default","site-content-layout":"default","ast-site-content-layout":"default","site-content-style":"default","site-sidebar-style":"default","ast-global-header-display":"","ast-banner-title-visibility":"","ast-main-header-display":"","ast-hfb-above-header-display":"","ast-hfb-below-header-display":"","ast-hfb-mobile-header-display":"","site-post-title":"","ast-breadcrumbs-content":"","ast-featured-img":"","footer-sml-layout":"","ast-disable-related-posts":"","theme-transparent-header-meta":"default","adv-header-id-meta":"","stick-header-meta":"","header-above-stick-meta":"","header-main-stick-meta":"","header-below-stick-meta":"","astra-migrate-meta-layouts":"default","ast-page-background-enabled":"default","ast-page-background-meta":{"desktop":{"background-color":"","background-image":"","background-repeat":"repeat","background-position":"center center","background-size":"auto","background-attachment":"scroll","background-type":"","background-media":"","overlay-type":"","overlay-color":"","overlay-opacity":"","overlay-gradient":""},"tablet":{"background-color":"","background-image":"","background-repeat":"repeat","background-position":"center center","background-size":"auto","background-attachment":"scroll","background-type":"","background-media":"","overlay-type":"","overlay-color":"","overlay-opacity":"","overlay-gradient":""},"mobile":{"background-color":"","background-image":"","background-repeat":"repeat","background-position":"center center","background-size":"auto","background-attachment":"scroll","background-type":"","background-media":"","overlay-type":"","overlay-color":"","overlay-opacity":"","overlay-gradient":""}},"ast-content-background-meta":{"desktop":{"background-color":"var(--ast-global-color-5)","background-image":"","background-repeat":"repeat","background-position":"center center","background-size":"auto","background-attachment":"scroll","background-type":"","background-media":"","overlay-type":"","overlay-color":"","overlay-opacity":"","overlay-gradient":""},"tablet":{"background-color":"var(--ast-global-color-5)","background-image":"","background-repeat":"repeat","background-position":"center center","background-size":"auto","background-attachment":"scroll","background-type":"","background-media":"","overlay-type":"","overlay-color":"","overlay-opacity":"","overlay-gradient":""},"mobile":{"background-color":"var(--ast-global-color-5)","background-image":"","background-repeat":"repeat","background-position":"center center","background-size":"auto","background-attachment":"scroll","background-type":"","background-media":"","overlay-type":"","overlay-color":"","overlay-opacity":"","overlay-gradient":""}}},"product_brand":[],"product_cat":[45,46,22],"product_tag":[26,25,48],"class_list":{"0":"post-2308","1":"product","2":"type-product","3":"status-publish","4":"has-post-thumbnail","6":"product_cat-matot","7":"product_cat-sisustus","8":"product_cat-yleinen","9":"product_tag-huopa","10":"product_tag-huovutettu","11":"product_tag-matto","12":"desktop-align-left","13":"tablet-align-left","14":"mobile-align-left","16":"first","17":"instock","18":"sale","19":"shipping-taxable","20":"purchasable","21":"product-type-simple"},"_links":{"self":[{"href":"https:\/\/namastedreams.com\/en\/wp-json\/wp\/v2\/product\/2308","targetHints":{"allow":["GET"]}}],"collection":[{"href":"https:\/\/namastedreams.com\/en\/wp-json\/wp\/v2\/product"}],"about":[{"href":"https:\/\/namastedreams.com\/en\/wp-json\/wp\/v2\/types\/product"}],"replies":[{"embeddable":true,"href":"https:\/\/namastedreams.com\/en\/wp-json\/wp\/v2\/comments?post=2308"}],"version-history":[{"count":1,"href":"https:\/\/namastedreams.com\/en\/wp-json\/wp\/v2\/product\/2308\/revisions"}],"predecessor-version":[{"id":2311,"href":"https:\/\/namastedreams.com\/en\/wp-json\/wp\/v2\/product\/2308\/revisions\/2311"}],"wp:featuredmedia":[{"embeddable":true,"href":"https:\/\/namastedreams.com\/en\/wp-json\/wp\/v2\/media\/2309"}],"wp:attachment":[{"href":"https:\/\/namastedreams.com\/en\/wp-json\/wp\/v2\/media?parent=2308"}],"wp:term":[{"taxonomy":"product_brand","embeddable":true,"href":"https:\/\/namastedreams.com\/en\/wp-json\/wp\/v2\/product_brand?post=2308"},{"taxonomy":"product_cat","embeddable":true,"href":"https:\/\/namastedreams.com\/en\/wp-json\/wp\/v2\/product_cat?post=2308"},{"taxonomy":"product_tag","embeddable":true,"href":"https:\/\/namastedreams.com\/en\/wp-json\/wp\/v2\/product_tag?post=2308"}],"curies":[{"name":"wp","href":"https:\/\/api.w.org\/{rel}","templated":true}]}}